{"id":481,"date":"2025-08-29T19:46:46","date_gmt":"2025-08-29T23:46:46","guid":{"rendered":"https:\/\/dasoplasticsurgery.com\/?page_id=481"},"modified":"2026-01-22T14:22:56","modified_gmt":"2026-01-22T19:22:56","slug":"about-us","status":"publish","type":"page","link":"https:\/\/dasoplasticsurgery.com\/es\/about-us\/","title":{"rendered":"Sobre"},"content":{"rendered":"<div data-elementor-type=\"wp-page\" data-elementor-id=\"481\" class=\"elementor elementor-481\" data-elementor-post-type=\"page\">\n\t\t\t\t<section class=\"elementor-element elementor-element-105f230 e-flex e-con-boxed e-con e-parent\" data-id=\"105f230\" data-element_type=\"container\" data-e-type=\"container\" data-settings=\"{&quot;background_background&quot;:&quot;classic&quot;}\">\n\t\t\t\t\t<div class=\"e-con-inner\">\n\t\t<div class=\"elementor-element elementor-element-aedc78c e-con-full e-flex e-con e-child\" data-id=\"aedc78c\" data-element_type=\"container\" data-e-type=\"container\" data-settings=\"{&quot;background_background&quot;:&quot;classic&quot;}\">\n\t\t\t\t<div class=\"elementor-element elementor-element-ccb559c elementor-widget__width-initial e-transform elementor-hidden-mobile elementor-widget elementor-widget-image\" data-id=\"ccb559c\" data-element_type=\"widget\" data-e-type=\"widget\" data-settings=\"{&quot;_transform_translateX_effect&quot;:{&quot;unit&quot;:&quot;px&quot;,&quot;size&quot;:-37,&quot;sizes&quot;:[]},&quot;_transform_translateY_effect&quot;:{&quot;unit&quot;:&quot;px&quot;,&quot;size&quot;:195,&quot;sizes&quot;:[]},&quot;_transform_translateX_effect_tablet&quot;:{&quot;unit&quot;:&quot;px&quot;,&quot;size&quot;:1,&quot;sizes&quot;:[]},&quot;_transform_translateX_effect_mobile&quot;:{&quot;unit&quot;:&quot;px&quot;,&quot;size&quot;:&quot;&quot;,&quot;sizes&quot;:[]},&quot;_transform_translateY_effect_tablet&quot;:{&quot;unit&quot;:&quot;px&quot;,&quot;size&quot;:&quot;&quot;,&quot;sizes&quot;:[]},&quot;_transform_translateY_effect_mobile&quot;:{&quot;unit&quot;:&quot;px&quot;,&quot;size&quot;:&quot;&quot;,&quot;sizes&quot;:[]}}\" data-widget_type=\"image.default\">\n\t\t\t\t\t\t\t\t\t\t\t\t\t\t\t<img fetchpriority=\"high\" decoding=\"async\" width=\"800\" height=\"894\" src=\"https:\/\/dasoplasticsurgery.com\/wp-content\/uploads\/2025\/08\/dps-logo-916x1024.png\" class=\"attachment-large size-large wp-image-485\" alt=\"dps-logo\" srcset=\"https:\/\/dasoplasticsurgery.com\/wp-content\/uploads\/2025\/08\/dps-logo-916x1024.png 916w, https:\/\/dasoplasticsurgery.com\/wp-content\/uploads\/2025\/08\/dps-logo-268x300.png 268w, https:\/\/dasoplasticsurgery.com\/wp-content\/uploads\/2025\/08\/dps-logo-768x858.png 768w, https:\/\/dasoplasticsurgery.com\/wp-content\/uploads\/2025\/08\/dps-logo-1374x1536.png 1374w, https:\/\/dasoplasticsurgery.com\/wp-content\/uploads\/2025\/08\/dps-logo-1832x2048.png 1832w, https:\/\/dasoplasticsurgery.com\/wp-content\/uploads\/2025\/08\/dps-logo-scaled-e1769108787431.png 895w\" sizes=\"(max-width: 800px) 100vw, 800px\" \/>\t\t\t\t\t\t\t\t\t\t\t\t\t\t\t<\/div>\n\t\t<div class=\"elementor-element elementor-element-6790bc7 e-con-full elementor-hidden-tablet elementor-hidden-mobile e-flex e-con e-child\" data-id=\"6790bc7\" data-element_type=\"container\" data-e-type=\"container\" data-settings=\"{&quot;background_background&quot;:&quot;classic&quot;,&quot;position&quot;:&quot;absolute&quot;}\">\n\t\t\t\t<div class=\"elementor-element elementor-element-193adc6 elementor-widget elementor-widget-heading\" data-id=\"193adc6\" data-element_type=\"widget\" data-e-type=\"widget\" data-widget_type=\"heading.default\">\n\t\t\t\t\t<h2 class=\"elementor-heading-title elementor-size-default\">Acerca de Daso Plastic Surgery<\/h2>\t\t\t\t<\/div>\n\t\t\t\t<\/div>\n\t\t\t\t<div class=\"elementor-element elementor-element-12b1466 elementor-widget elementor-widget-text-editor\" data-id=\"12b1466\" data-element_type=\"widget\" data-e-type=\"widget\" data-widget_type=\"text-editor.default\">\n\t\t\t\t\t\t\t\t\t<p>En Daso Plastic Surgery, nos comprometemos a brindar un enfoque moderno, experto y centrado en el paciente para los procedimientos m\u00e1s solicitados de la actualidad. Nuestra filosof\u00eda se basa en la convicci\u00f3n de que la verdadera excelencia se logra combinando los \u00faltimos avances en tecnolog\u00eda m\u00e9dica con el toque humano de la atenci\u00f3n personalizada. Desde el momento en que cruza nuestras puertas, nuestro objetivo es crear una experiencia donde la innovaci\u00f3n se fusiona con la compasi\u00f3n, garantizando que cada paciente se sienta valorado, c\u00f3modo y seguro de su decisi\u00f3n.<\/p><p>Nuestro distinguido equipo m\u00e9dico es l\u00edder en el campo de la cirug\u00eda pl\u00e1stica y reconstructiva, estableciendo el est\u00e1ndar en experiencia, seguridad y resultados transformadores. Con d\u00e9cadas de experiencia combinada, nuestros cirujanos son reconocidos no solo por su precisi\u00f3n t\u00e9cnica, sino tambi\u00e9n por su visi\u00f3n art\u00edstica y su dedicaci\u00f3n a resultados naturales y hermosos.<\/p><p>Al centrarnos exclusivamente en los procedimientos m\u00e1s solicitados y transformadores, hemos perfeccionado un enfoque quir\u00fargico altamente especializado. Esta dedicaci\u00f3n nos ha permitido perfeccionar nuestras habilidades y ofrecer resultados que superan constantemente las expectativas. Ya sea realzando la belleza natural, recuperando la confianza o ayudando a los pacientes a lograr un cambio deseado a largo plazo, abordamos cada caso con el mismo nivel de cuidado, detalle y compromiso con la seguridad.\u00a0<\/p><p>En Daso Plastic Surgery, entendemos que su cuerpo y bienestar son sus bienes m\u00e1s valiosos. Por eso, confiar en nuestro equipo de expertos significa ponerse en manos de profesionales que combinan ciencia, arte y compasi\u00f3n para lograr resultados que realmente marcan la diferencia.<\/p>\t\t\t\t\t\t\t\t<\/div>\n\t\t\t\t<\/div>\n\t\t\t\t\t<\/div>\n\t\t\t\t<\/section>\n\t\t<section class=\"elementor-element elementor-element-4151ea6 e-flex e-con-boxed e-con e-parent\" data-id=\"4151ea6\" data-element_type=\"container\" data-e-type=\"container\" data-settings=\"{&quot;background_background&quot;:&quot;classic&quot;}\">\n\t\t\t\t\t<div class=\"e-con-inner\">\n\t\t\t\t<div class=\"elementor-element elementor-element-6587ffe elementor-widget elementor-widget-heading\" data-id=\"6587ffe\" data-element_type=\"widget\" data-e-type=\"widget\" data-widget_type=\"heading.default\">\n\t\t\t\t\t<h3 class=\"elementor-heading-title elementor-size-default\">Acerca de nuestro cuerpo cl\u00ednico<\/h3>\t\t\t\t<\/div>\n\t\t\t\t\t<\/div>\n\t\t\t\t<\/section>\n\t\t<section class=\"elementor-element elementor-element-68a0c60 e-flex e-con-boxed e-con e-parent\" data-id=\"68a0c60\" data-element_type=\"container\" data-e-type=\"container\">\n\t\t\t\t\t<div class=\"e-con-inner\">\n\t\t<div class=\"elementor-element elementor-element-7ce891e e-con-full e-flex e-con e-child\" data-id=\"7ce891e\" data-element_type=\"container\" data-e-type=\"container\">\n\t\t\t\t<div class=\"elementor-element elementor-element-5364062 elementor-widget elementor-widget-image\" data-id=\"5364062\" data-element_type=\"widget\" data-e-type=\"widget\" data-widget_type=\"image.default\">\n\t\t\t\t\t\t\t\t\t\t\t\t\t\t\t<img decoding=\"async\" width=\"800\" height=\"554\" src=\"https:\/\/dasoplasticsurgery.com\/wp-content\/uploads\/2025\/08\/dps-team-img01-1024x709.jpg\" class=\"attachment-large size-large wp-image-530\" alt=\"DASO Plastic Surgery\" srcset=\"https:\/\/dasoplasticsurgery.com\/wp-content\/uploads\/2025\/08\/dps-team-img01-1024x709.jpg 1024w, https:\/\/dasoplasticsurgery.com\/wp-content\/uploads\/2025\/08\/dps-team-img01-300x208.jpg 300w, https:\/\/dasoplasticsurgery.com\/wp-content\/uploads\/2025\/08\/dps-team-img01-768x532.jpg 768w, https:\/\/dasoplasticsurgery.com\/wp-content\/uploads\/2025\/08\/dps-team-img01-1536x1064.jpg 1536w, https:\/\/dasoplasticsurgery.com\/wp-content\/uploads\/2025\/08\/dps-team-img01-2048x1418.jpg 2048w, https:\/\/dasoplasticsurgery.com\/wp-content\/uploads\/2025\/08\/dps-team-img01-scaled-e1769109722946.jpg 1200w\" sizes=\"(max-width: 800px) 100vw, 800px\" \/>\t\t\t\t\t\t\t\t\t\t\t\t\t\t\t<\/div>\n\t\t\t\t<\/div>\n\t\t<article class=\"elementor-element elementor-element-3ccf9a2 e-con-full e-flex e-con e-child\" data-id=\"3ccf9a2\" data-element_type=\"container\" data-e-type=\"container\">\n\t\t\t\t<div class=\"elementor-element elementor-element-8cc4510 elementor-widget elementor-widget-heading\" data-id=\"8cc4510\" data-element_type=\"widget\" data-e-type=\"widget\" data-widget_type=\"heading.default\">\n\t\t\t\t\t<h2 class=\"elementor-heading-title elementor-size-default\">Un equipo que se preocupa<\/h2>\t\t\t\t<\/div>\n\t\t\t\t<div class=\"elementor-element elementor-element-6a84c9f elementor-widget elementor-widget-text-editor\" data-id=\"6a84c9f\" data-element_type=\"widget\" data-e-type=\"widget\" data-widget_type=\"text-editor.default\">\n\t\t\t\t\t\t\t\t\t<p>Nos enorgullecemos de nuestro personal quir\u00fargico y administrativo altamente capacitado, que trabaja arduamente cada d\u00eda para garantizar que la experiencia de cada paciente sea excelente de principio a fin. En nuestra cl\u00ednica, queremos que se sienta c\u00f3modo y forjamos una relaci\u00f3n positiva con todos nuestros pacientes.<\/p><p>Nuestro personal trabaja arduamente para mantener su tiempo de espera lo m\u00e1s breve posible al programar seg\u00fan sus necesidades y rutinas personales.<\/p>\t\t\t\t\t\t\t\t<\/div>\n\t\t\t\t<\/article>\n\t\t\t\t\t<\/div>\n\t\t\t\t<\/section>\n\t\t<section class=\"elementor-element elementor-element-f808ef2 e-flex e-con-boxed e-con e-parent\" data-id=\"f808ef2\" data-element_type=\"container\" data-e-type=\"container\">\n\t\t\t\t\t<div class=\"e-con-inner\">\n\t\t<article class=\"elementor-element elementor-element-d7164f0 e-con-full e-flex e-con e-child\" data-id=\"d7164f0\" data-element_type=\"container\" data-e-type=\"container\">\n\t\t\t\t<div class=\"elementor-element elementor-element-bb03388 elementor-widget elementor-widget-heading\" data-id=\"bb03388\" data-element_type=\"widget\" data-e-type=\"widget\" data-widget_type=\"heading.default\">\n\t\t\t\t\t<h2 class=\"elementor-heading-title elementor-size-default\">Nuestros coordinadores quirurgicos<\/h2>\t\t\t\t<\/div>\n\t\t\t\t<div class=\"elementor-element elementor-element-b8cf19a elementor-widget elementor-widget-text-editor\" data-id=\"b8cf19a\" data-element_type=\"widget\" data-e-type=\"widget\" data-widget_type=\"text-editor.default\">\n\t\t\t\t\t\t\t\t\t<p>Nuestros coordinadores quir\u00fargicos trabajar\u00e1n con usted desde el principio hasta el final de su procedimiento. Si tiene alguna pregunta, como:<\/p><p>El precio de procedimientos como liposucci\u00f3n, aumento de senos antes y despu\u00e9s, abdominoplastia antes y despu\u00e9s, BBL antes y despu\u00e9s y mucha m\u00e1s informaci\u00f3n puede ser crucial para decidirse sobre el procedimiento correcto, el resultado que desea lograr y qu\u00e9 esperar.<\/p><p>Ninguna pregunta es peque\u00f1a o grande, nuestro Equipo est\u00e1 siempre dispuesto a responder y aclarar cualquier duda que puedas tener en Venus Cosmetic Surgery.<\/p>\t\t\t\t\t\t\t\t<\/div>\n\t\t\t\t<\/article>\n\t\t<div class=\"elementor-element elementor-element-78e278b e-con-full e-flex e-con e-child\" data-id=\"78e278b\" data-element_type=\"container\" data-e-type=\"container\">\n\t\t\t\t<div class=\"elementor-element elementor-element-2c24755 elementor-widget elementor-widget-image\" data-id=\"2c24755\" data-element_type=\"widget\" data-e-type=\"widget\" data-widget_type=\"image.default\">\n\t\t\t\t\t\t\t\t\t\t\t\t\t\t\t<img decoding=\"async\" width=\"800\" height=\"571\" src=\"https:\/\/dasoplasticsurgery.com\/wp-content\/uploads\/2025\/08\/dps-team-img02-1024x731.jpg\" class=\"attachment-large size-large wp-image-543\" alt=\"call center assistant\" srcset=\"https:\/\/dasoplasticsurgery.com\/wp-content\/uploads\/2025\/08\/dps-team-img02-1024x731.jpg 1024w, https:\/\/dasoplasticsurgery.com\/wp-content\/uploads\/2025\/08\/dps-team-img02-300x214.jpg 300w, https:\/\/dasoplasticsurgery.com\/wp-content\/uploads\/2025\/08\/dps-team-img02-768x548.jpg 768w, https:\/\/dasoplasticsurgery.com\/wp-content\/uploads\/2025\/08\/dps-team-img02-1536x1097.jpg 1536w, https:\/\/dasoplasticsurgery.com\/wp-content\/uploads\/2025\/08\/dps-team-img02-2048x1462.jpg 2048w, https:\/\/dasoplasticsurgery.com\/wp-content\/uploads\/2025\/08\/dps-team-img02-e1769109744233.jpg 1200w\" sizes=\"(max-width: 800px) 100vw, 800px\" \/>\t\t\t\t\t\t\t\t\t\t\t\t\t\t\t<\/div>\n\t\t\t\t<\/div>\n\t\t\t\t\t<\/div>\n\t\t\t\t<\/section>\n\t\t<section class=\"elementor-element elementor-element-b4920e4 e-flex e-con-boxed e-con e-parent\" data-id=\"b4920e4\" data-element_type=\"container\" data-e-type=\"container\">\n\t\t\t\t\t<div class=\"e-con-inner\">\n\t\t<div class=\"elementor-element elementor-element-f095983 e-con-full e-flex e-con e-child\" data-id=\"f095983\" data-element_type=\"container\" data-e-type=\"container\">\n\t\t\t\t<div class=\"elementor-element elementor-element-c43fa70 elementor-widget elementor-widget-image\" data-id=\"c43fa70\" data-element_type=\"widget\" data-e-type=\"widget\" data-widget_type=\"image.default\">\n\t\t\t\t\t\t\t\t\t\t\t\t\t\t\t<img loading=\"lazy\" decoding=\"async\" width=\"800\" height=\"572\" src=\"https:\/\/dasoplasticsurgery.com\/wp-content\/uploads\/2025\/08\/dps-team-img03-1024x732.jpg\" class=\"attachment-large size-large wp-image-550\" alt=\"plastic surgeon\" srcset=\"https:\/\/dasoplasticsurgery.com\/wp-content\/uploads\/2025\/08\/dps-team-img03-1024x732.jpg 1024w, https:\/\/dasoplasticsurgery.com\/wp-content\/uploads\/2025\/08\/dps-team-img03-300x214.jpg 300w, https:\/\/dasoplasticsurgery.com\/wp-content\/uploads\/2025\/08\/dps-team-img03-768x549.jpg 768w, https:\/\/dasoplasticsurgery.com\/wp-content\/uploads\/2025\/08\/dps-team-img03-1536x1098.jpg 1536w, https:\/\/dasoplasticsurgery.com\/wp-content\/uploads\/2025\/08\/dps-team-img03-2048x1463.jpg 2048w, https:\/\/dasoplasticsurgery.com\/wp-content\/uploads\/2025\/08\/dps-team-img03-scaled-e1769109765712.jpg 1200w\" sizes=\"(max-width: 800px) 100vw, 800px\" \/>\t\t\t\t\t\t\t\t\t\t\t\t\t\t\t<\/div>\n\t\t\t\t<\/div>\n\t\t<article class=\"elementor-element elementor-element-f80ec39 e-con-full e-flex e-con e-child\" data-id=\"f80ec39\" data-element_type=\"container\" data-e-type=\"container\">\n\t\t\t\t<div class=\"elementor-element elementor-element-6d8a78a elementor-widget elementor-widget-heading\" data-id=\"6d8a78a\" data-element_type=\"widget\" data-e-type=\"widget\" data-widget_type=\"heading.default\">\n\t\t\t\t\t<h2 class=\"elementor-heading-title elementor-size-default\">\u00bfQu\u00e9 nos hace diferentes?<\/h2>\t\t\t\t<\/div>\n\t\t\t\t<div class=\"elementor-element elementor-element-e0b062e elementor-widget elementor-widget-text-editor\" data-id=\"e0b062e\" data-element_type=\"widget\" data-e-type=\"widget\" data-widget_type=\"text-editor.default\">\n\t\t\t\t\t\t\t\t\t<p>Nos aseguramos de que nuestra oficina est\u00e9 impecable y c\u00f3moda cada vez que la visite para que se sienta m\u00e1s tranquilo. Para que experimente las menores molestias posibles y se sienta relajado, ofrecemos diversas opciones de anestesia. Despu\u00e9s del procedimiento, nuestro personal se asegurar\u00e1 de que est\u00e9 bien informado y le brindar\u00e1 instrucciones detalladas para garantizar una recuperaci\u00f3n r\u00e1pida y sin complicaciones, de forma personalizada.<\/p>\t\t\t\t\t\t\t\t<\/div>\n\t\t\t\t<\/article>\n\t\t\t\t\t<\/div>\n\t\t\t\t<\/section>\n\t\t<section class=\"elementor-element elementor-element-9535aae e-flex e-con-boxed e-con e-parent\" data-id=\"9535aae\" data-element_type=\"container\" data-e-type=\"container\" data-settings=\"{&quot;background_background&quot;:&quot;classic&quot;}\">\n\t\t\t\t\t<div class=\"e-con-inner\">\n\t\t<div class=\"elementor-element elementor-element-ffa8aac e-con-full e-flex e-con e-child\" data-id=\"ffa8aac\" data-element_type=\"container\" data-e-type=\"container\">\n\t\t\t\t<div class=\"elementor-element elementor-element-d67da01 elementor-widget elementor-widget-image\" data-id=\"d67da01\" data-element_type=\"widget\" data-e-type=\"widget\" data-widget_type=\"image.default\">\n\t\t\t\t\t\t\t\t\t\t\t\t\t\t\t<img loading=\"lazy\" decoding=\"async\" width=\"462\" height=\"512\" src=\"https:\/\/dasoplasticsurgery.com\/wp-content\/uploads\/2025\/08\/icon-02.png\" class=\"attachment-large size-large wp-image-573\" alt=\"\" srcset=\"https:\/\/dasoplasticsurgery.com\/wp-content\/uploads\/2025\/08\/icon-02.png 462w, https:\/\/dasoplasticsurgery.com\/wp-content\/uploads\/2025\/08\/icon-02-271x300.png 271w\" sizes=\"(max-width: 462px) 100vw, 462px\" \/>\t\t\t\t\t\t\t\t\t\t\t\t\t\t\t<\/div>\n\t\t\t\t<div class=\"elementor-element elementor-element-c7d2539 elementor-widget elementor-widget-text-editor\" data-id=\"c7d2539\" data-element_type=\"widget\" data-e-type=\"widget\" data-widget_type=\"text-editor.default\">\n\t\t\t\t\t\t\t\t\t<p class=\"translation-block\">En Daso Plastic Surgery, todos nuestros cirujanos cuentan con una formaci\u00f3n experta en cirug\u00eda general y cirug\u00eda est\u00e9tica. Esto nos convierte en expertos en brindar la mejor atenci\u00f3n.<\/p>\t\t\t\t\t\t\t\t<\/div>\n\t\t\t\t<\/div>\n\t\t<div class=\"elementor-element elementor-element-5f08900 e-con-full e-flex e-con e-child\" data-id=\"5f08900\" data-element_type=\"container\" data-e-type=\"container\">\n\t\t\t\t<div class=\"elementor-element elementor-element-4378e9b elementor-widget elementor-widget-image\" data-id=\"4378e9b\" data-element_type=\"widget\" data-e-type=\"widget\" data-widget_type=\"image.default\">\n\t\t\t\t\t\t\t\t\t\t\t\t\t\t\t<img loading=\"lazy\" decoding=\"async\" width=\"466\" height=\"450\" src=\"https:\/\/dasoplasticsurgery.com\/wp-content\/uploads\/2025\/08\/icon-03.png\" class=\"attachment-large size-large wp-image-574\" alt=\"\" srcset=\"https:\/\/dasoplasticsurgery.com\/wp-content\/uploads\/2025\/08\/icon-03.png 466w, https:\/\/dasoplasticsurgery.com\/wp-content\/uploads\/2025\/08\/icon-03-300x290.png 300w\" sizes=\"(max-width: 466px) 100vw, 466px\" \/>\t\t\t\t\t\t\t\t\t\t\t\t\t\t\t<\/div>\n\t\t\t\t<div class=\"elementor-element elementor-element-962bc51 elementor-widget elementor-widget-text-editor\" data-id=\"962bc51\" data-element_type=\"widget\" data-e-type=\"widget\" data-widget_type=\"text-editor.default\">\n\t\t\t\t\t\t\t\t\t<p>Con m\u00e1s de 20 a\u00f1os de experiencia podemos brindar la m\u00e1s alta calidad de atenci\u00f3n a un precio muy competitivo.<\/p>\t\t\t\t\t\t\t\t<\/div>\n\t\t\t\t<\/div>\n\t\t<div class=\"elementor-element elementor-element-51307f3 e-con-full e-flex e-con e-child\" data-id=\"51307f3\" data-element_type=\"container\" data-e-type=\"container\">\n\t\t\t\t<div class=\"elementor-element elementor-element-89cc5d7 elementor-widget elementor-widget-image\" data-id=\"89cc5d7\" data-element_type=\"widget\" data-e-type=\"widget\" data-widget_type=\"image.default\">\n\t\t\t\t\t\t\t\t\t\t\t\t\t\t\t<img loading=\"lazy\" decoding=\"async\" width=\"400\" height=\"512\" src=\"https:\/\/dasoplasticsurgery.com\/wp-content\/uploads\/2025\/08\/icon-01.png\" class=\"attachment-large size-large wp-image-575\" alt=\"\" srcset=\"https:\/\/dasoplasticsurgery.com\/wp-content\/uploads\/2025\/08\/icon-01.png 400w, https:\/\/dasoplasticsurgery.com\/wp-content\/uploads\/2025\/08\/icon-01-234x300.png 234w\" sizes=\"(max-width: 400px) 100vw, 400px\" \/>\t\t\t\t\t\t\t\t\t\t\t\t\t\t\t<\/div>\n\t\t\t\t<div class=\"elementor-element elementor-element-806f2d8 elementor-widget elementor-widget-text-editor\" data-id=\"806f2d8\" data-element_type=\"widget\" data-e-type=\"widget\" data-widget_type=\"text-editor.default\">\n\t\t\t\t\t\t\t\t\t<p class=\"translation-block\">Nuestro equipo le brinda atenci\u00f3n desde su primera consulta hasta su recuperaci\u00f3n, asegurando una experiencia c\u00f3moda y sin estr\u00e9s.<\/p>\t\t\t\t\t\t\t\t<\/div>\n\t\t\t\t<\/div>\n\t\t\t\t\t<\/div>\n\t\t\t\t<\/section>\n\t\t\t\t<\/div>","protected":false},"excerpt":{"rendered":"<p>About Daso Plastic Surgery At Daso Plastic Surgery, we are committed to providing a modern, expert, and patient centered approach to today\u2019s most sought-after procedures. Our philosophy is built on the belief that true excellence comes from merging the latest advancements in medical technology with the human touch of personalized care. From the moment you [&hellip;]<\/p>\n","protected":false},"author":2,"featured_media":0,"parent":0,"menu_order":0,"comment_status":"closed","ping_status":"closed","template":"","meta":{"footnotes":""},"class_list":["post-481","page","type-page","status-publish","hentry"],"aioseo_notices":[],"_links":{"self":[{"href":"https:\/\/dasoplasticsurgery.com\/es\/wp-json\/wp\/v2\/pages\/481","targetHints":{"allow":["GET"]}}],"collection":[{"href":"https:\/\/dasoplasticsurgery.com\/es\/wp-json\/wp\/v2\/pages"}],"about":[{"href":"https:\/\/dasoplasticsurgery.com\/es\/wp-json\/wp\/v2\/types\/page"}],"author":[{"embeddable":true,"href":"https:\/\/dasoplasticsurgery.com\/es\/wp-json\/wp\/v2\/users\/2"}],"replies":[{"embeddable":true,"href":"https:\/\/dasoplasticsurgery.com\/es\/wp-json\/wp\/v2\/comments?post=481"}],"version-history":[{"count":0,"href":"https:\/\/dasoplasticsurgery.com\/es\/wp-json\/wp\/v2\/pages\/481\/revisions"}],"wp:attachment":[{"href":"https:\/\/dasoplasticsurgery.com\/es\/wp-json\/wp\/v2\/media?parent=481"}],"curies":[{"name":"wp","href":"https:\/\/api.w.org\/{rel}","templated":true}]}}